{"id":3,"date":"2024-10-23T18:06:28","date_gmt":"2024-10-23T18:06:28","guid":{"rendered":"https:\/\/omiwave.com\/?page_id=3"},"modified":"2025-03-19T23:26:58","modified_gmt":"2025-03-19T23:26:58","slug":"aviso-privacidad","status":"publish","type":"page","link":"https:\/\/omiwave.com\/en\/aviso-privacidad\/","title":{"rendered":"Privacy Notice"},"content":{"rendered":"<style>.elementor-3 .elementor-element.elementor-element-2f902df{--display:flex;--flex-direction:column;--container-widget-width:100%;--container-widget-height:initial;--container-widget-flex-grow:0;--container-widget-align-self:initial;--flex-wrap-mobile:wrap;}.elementor-widget-heading .elementor-heading-title{font-family:var( --e-global-typography-primary-font-family ), Sans-serif;font-weight:var( --e-global-typography-primary-font-weight );color:var( --e-global-color-primary );}.elementor-3 .elementor-element.elementor-element-9bacaba{text-align:center;}.elementor-3 .elementor-element.elementor-element-9bacaba .elementor-heading-title{font-family:\"stolzl_bold\", Sans-serif;font-size:30px;font-weight:600;color:#FFFFFF;}.elementor-3 .elementor-element.elementor-element-9bacaba.elementor-element{--align-self:center;}.elementor-3 .elementor-element.elementor-element-2d62ced{--display:flex;--flex-direction:column;--container-widget-width:100%;--container-widget-height:initial;--container-widget-flex-grow:0;--container-widget-align-self:initial;--flex-wrap-mobile:wrap;}.elementor-widget-text-editor{font-family:var( --e-global-typography-text-font-family ), Sans-serif;font-weight:var( --e-global-typography-text-font-weight );color:var( --e-global-color-text );}.elementor-widget-text-editor.elementor-drop-cap-view-stacked .elementor-drop-cap{background-color:var( --e-global-color-primary );}.elementor-widget-text-editor.elementor-drop-cap-view-framed .elementor-drop-cap, .elementor-widget-text-editor.elementor-drop-cap-view-default .elementor-drop-cap{color:var( --e-global-color-primary );border-color:var( --e-global-color-primary );}.elementor-3 .elementor-element.elementor-element-ca4cc1f{font-family:\"stolzl_regular\", Sans-serif;font-size:15px;font-weight:400;color:#FFFFFF;}.elementor-3 .elementor-element.elementor-element-80ccae5{--display:flex;--flex-direction:row;--container-widget-width:initial;--container-widget-height:100%;--container-widget-flex-grow:1;--container-widget-align-self:stretch;--flex-wrap-mobile:wrap;--gap:0px 0px;--row-gap:0px;--column-gap:0px;}.elementor-3 .elementor-element.elementor-element-bd60548{--display:flex;--flex-direction:column;--container-widget-width:100%;--container-widget-height:initial;--container-widget-flex-grow:0;--container-widget-align-self:initial;--flex-wrap-mobile:wrap;border-style:solid;--border-style:solid;border-color:#FFFFFF;--border-color:#FFFFFF;}.elementor-3 .elementor-element.elementor-element-995c3ee{text-align:start;}.elementor-3 .elementor-element.elementor-element-995c3ee .elementor-heading-title{font-family:\"stolzl_bold\", Sans-serif;font-size:20px;font-weight:600;color:#FFFFFF;}.elementor-3 .elementor-element.elementor-element-995c3ee.elementor-element{--align-self:flex-start;--order:99999 \/* order end hack *\/;}.elementor-3 .elementor-element.elementor-element-5a17552{--display:flex;--flex-direction:column;--container-widget-width:100%;--container-widget-height:initial;--container-widget-flex-grow:0;--container-widget-align-self:initial;--flex-wrap-mobile:wrap;border-style:solid;--border-style:solid;border-color:#FFFFFF;--border-color:#FFFFFF;}.elementor-3 .elementor-element.elementor-element-5a0c337{text-align:start;}.elementor-3 .elementor-element.elementor-element-5a0c337 .elementor-heading-title{font-family:\"stolzl_bold\", Sans-serif;font-size:20px;font-weight:600;color:#FFFFFF;}.elementor-3 .elementor-element.elementor-element-5a0c337.elementor-element{--align-self:flex-start;}.elementor-3 .elementor-element.elementor-element-91e5476{--display:flex;--flex-direction:row;--container-widget-width:initial;--container-widget-height:100%;--container-widget-flex-grow:1;--container-widget-align-self:stretch;--flex-wrap-mobile:wrap;--gap:0px 0px;--row-gap:0px;--column-gap:0px;}.elementor-3 .elementor-element.elementor-element-8e1f607{--display:flex;--flex-direction:column;--container-widget-width:100%;--container-widget-height:initial;--container-widget-flex-grow:0;--container-widget-align-self:initial;--flex-wrap-mobile:wrap;border-style:solid;--border-style:solid;border-color:#FFFFFF;--border-color:#FFFFFF;}.elementor-3 .elementor-element.elementor-element-ae2bbf1{font-family:\"stolzl_regular\", Sans-serif;font-size:15px;font-weight:400;color:#FFFFFF;}.elementor-3 .elementor-element.elementor-element-831fd2f{--display:flex;--flex-direction:column;--container-widget-width:100%;--container-widget-height:initial;--container-widget-flex-grow:0;--container-widget-align-self:initial;--flex-wrap-mobile:wrap;border-style:solid;--border-style:solid;border-color:#FFFFFF;--border-color:#FFFFFF;}.elementor-3 .elementor-element.elementor-element-3a85153{font-family:\"stolzl_regular\", Sans-serif;font-size:15px;font-weight:400;color:#FFFFFF;}.elementor-3 .elementor-element.elementor-element-5f99d8d{--display:flex;--flex-direction:column;--container-widget-width:100%;--container-widget-height:initial;--container-widget-flex-grow:0;--container-widget-align-self:initial;--flex-wrap-mobile:wrap;}.elementor-3 .elementor-element.elementor-element-e4b8827{font-family:\"stolzl_regular\", Sans-serif;font-size:15px;font-weight:400;color:#FFFFFF;}@media(min-width:768px){.elementor-3 .elementor-element.elementor-element-bd60548{--width:50%;}.elementor-3 .elementor-element.elementor-element-5a17552{--width:50%;}.elementor-3 .elementor-element.elementor-element-8e1f607{--width:50%;}.elementor-3 .elementor-element.elementor-element-831fd2f{--width:50%;}}<\/style>\t\t<div data-elementor-type=\"wp-page\" data-elementor-id=\"3\" class=\"elementor elementor-3\">\n\t\t\t\t<div class=\"elementor-element elementor-element-2f902df e-flex e-con-boxed wpr-particle-no wpr-jarallax-no wpr-parallax-no wpr-sticky-section-no e-con e-parent\" data-id=\"2f902df\" data-element_type=\"container\" data-e-type=\"container\">\n\t\t\t\t\t<div class=\"e-con-inner\">\n\t\t\t\t<div class=\"elementor-element elementor-element-9bacaba exad-sticky-section-no exad-glass-effect-no elementor-widget elementor-widget-heading\" data-id=\"9bacaba\" data-element_type=\"widget\" data-e-type=\"widget\" data-widget_type=\"heading.default\">\n\t\t\t\t\t<h2 class=\"elementor-heading-title elementor-size-default\">Privacy notice<\/h2>\t\t\t\t<\/div>\n\t\t\t\t\t<\/div>\n\t\t\t\t<\/div>\n\t\t<div class=\"elementor-element elementor-element-2d62ced e-flex e-con-boxed wpr-particle-no wpr-jarallax-no wpr-parallax-no wpr-sticky-section-no e-con e-parent\" data-id=\"2d62ced\" data-element_type=\"container\" data-e-type=\"container\">\n\t\t\t\t\t<div class=\"e-con-inner\">\n\t\t\t\t<div class=\"elementor-element elementor-element-ca4cc1f exad-sticky-section-no exad-glass-effect-no elementor-widget elementor-widget-text-editor\" data-id=\"ca4cc1f\" data-element_type=\"widget\" data-e-type=\"widget\" data-widget_type=\"text-editor.default\">\n\t\t\t\t\t\t\t\t\t<ol>\n<li>\u201cOMIWAVE S.A de C.V.\u201d with address at Jes\u00fas del Monte 32 \u2013 503, Col. Jes\u00fas del Monte, Huixquilucan de Degollado, C.P. 52764, Mexico, telephone 5591317493; in terms of the provisions of articles 1, 2, 6, 7, 11, 12, 13, 15, 16, 17 and other relative and applicable articles of the <u>Federal Law on Protection of Personal Data Held by Private Parties<\/u> (\u201cLaw\u201d), by means of this \u201cPRIVACY NOTICE\u201d makes the formal knowledge of \u201cOUR VISITORS, CUSTOMERS, SUPPLIERS AND THE GENERAL PUBLIC\u201d, the following;<\/li>\n<\/ol>\n<p>The Personal Data that may be requested for being a \u201cCLIENT AND\/OR SUPPLIER\u201d of \u201cOMIWAVE, S.A. of C.V.\u201d are:<\/p>\t\t\t\t\t\t\t\t<\/div>\n\t\t\t\t\t<\/div>\n\t\t\t\t<\/div>\n\t\t<div class=\"elementor-element elementor-element-80ccae5 e-flex e-con-boxed wpr-particle-no wpr-jarallax-no wpr-parallax-no wpr-sticky-section-no e-con e-parent\" data-id=\"80ccae5\" data-element_type=\"container\" data-e-type=\"container\">\n\t\t\t\t\t<div class=\"e-con-inner\">\n\t\t<div class=\"elementor-element elementor-element-bd60548 e-con-full e-flex wpr-particle-no wpr-jarallax-no wpr-parallax-no wpr-sticky-section-no e-con e-child\" data-id=\"bd60548\" data-element_type=\"container\" data-e-type=\"container\">\n\t\t\t\t<div class=\"elementor-element elementor-element-995c3ee exad-sticky-section-no exad-glass-effect-no elementor-widget elementor-widget-heading\" data-id=\"995c3ee\" data-element_type=\"widget\" data-e-type=\"widget\" data-widget_type=\"heading.default\">\n\t\t\t\t\t<h2 class=\"elementor-heading-title elementor-size-default\">1. In the case of natural persons:<\/h2>\t\t\t\t<\/div>\n\t\t\t\t<\/div>\n\t\t<div class=\"elementor-element elementor-element-5a17552 e-con-full e-flex wpr-particle-no wpr-jarallax-no wpr-parallax-no wpr-sticky-section-no e-con e-child\" data-id=\"5a17552\" data-element_type=\"container\" data-e-type=\"container\">\n\t\t\t\t<div class=\"elementor-element elementor-element-5a0c337 exad-sticky-section-no exad-glass-effect-no elementor-widget elementor-widget-heading\" data-id=\"5a0c337\" data-element_type=\"widget\" data-e-type=\"widget\" data-widget_type=\"heading.default\">\n\t\t\t\t\t<h2 class=\"elementor-heading-title elementor-size-default\">2. In the case of legal entities:<\/h2>\t\t\t\t<\/div>\n\t\t\t\t<\/div>\n\t\t\t\t\t<\/div>\n\t\t\t\t<\/div>\n\t\t<div class=\"elementor-element elementor-element-91e5476 e-flex e-con-boxed wpr-particle-no wpr-jarallax-no wpr-parallax-no wpr-sticky-section-no e-con e-parent\" data-id=\"91e5476\" data-element_type=\"container\" data-e-type=\"container\">\n\t\t\t\t\t<div class=\"e-con-inner\">\n\t\t<div class=\"elementor-element elementor-element-8e1f607 e-con-full e-flex wpr-particle-no wpr-jarallax-no wpr-parallax-no wpr-sticky-section-no e-con e-child\" data-id=\"8e1f607\" data-element_type=\"container\" data-e-type=\"container\" data-settings=\"{&quot;background_background&quot;:&quot;classic&quot;}\">\n\t\t\t\t<div class=\"elementor-element elementor-element-ae2bbf1 exad-sticky-section-no exad-glass-effect-no elementor-widget elementor-widget-text-editor\" data-id=\"ae2bbf1\" data-element_type=\"widget\" data-e-type=\"widget\" data-widget_type=\"text-editor.default\">\n\t\t\t\t\t\t\t\t\t<p>a.       full name<\/p>\n<p>b. phone<\/p>\n<p>c. email<\/p>\n<p>d. federal taxpayer registration<\/p>\n<p>e. birthdate<\/p>\n<p>f. address<\/p>\n<p>g. credit card information<\/p>\n<p>h. number of accounts for deposits or interbank transfers.<\/p>\t\t\t\t\t\t\t\t<\/div>\n\t\t\t\t<\/div>\n\t\t<div class=\"elementor-element elementor-element-831fd2f e-con-full e-flex wpr-particle-no wpr-jarallax-no wpr-parallax-no wpr-sticky-section-no e-con e-child\" data-id=\"831fd2f\" data-element_type=\"container\" data-e-type=\"container\">\n\t\t\t\t<div class=\"elementor-element elementor-element-3a85153 exad-sticky-section-no exad-glass-effect-no elementor-widget elementor-widget-text-editor\" data-id=\"3a85153\" data-element_type=\"widget\" data-e-type=\"widget\" data-widget_type=\"text-editor.default\">\n\t\t\t\t\t\t\t\t\t<p>a. articles of incorporation and particular data of the attorney or legal representative.<\/p>\n<p>b. name or company name.<\/p>\n<p>c. phones.<\/p>\n<p>d. emails.<\/p>\n<p>e. address<\/p>\n<p>f. federal taxpayer registry.<\/p>\n<p>g. number of accounts for deposits or interbank transfers.<\/p>\t\t\t\t\t\t\t\t<\/div>\n\t\t\t\t<\/div>\n\t\t\t\t\t<\/div>\n\t\t\t\t<\/div>\n\t\t<div class=\"elementor-element elementor-element-5f99d8d e-flex e-con-boxed wpr-particle-no wpr-jarallax-no wpr-parallax-no wpr-sticky-section-no e-con e-parent\" data-id=\"5f99d8d\" data-element_type=\"container\" data-e-type=\"container\">\n\t\t\t\t\t<div class=\"e-con-inner\">\n\t\t\t\t<div class=\"elementor-element elementor-element-e4b8827 exad-sticky-section-no exad-glass-effect-no elementor-widget elementor-widget-text-editor\" data-id=\"e4b8827\" data-element_type=\"widget\" data-e-type=\"widget\" data-widget_type=\"text-editor.default\">\n\t\t\t\t\t\t\t\t\t<p>It should be noted that this description is illustrative, but not limiting.<\/p><ol><li>The purposes of having this data are for the implementation of the commercial relationship and provision of professional services that will be established with \u201cOMIWAVE, S.A.\u201d of C.V.\u201d.<\/li><\/ol><ul><li>\u201cOMIWAVE, S.A.\u201d de C.V.\u201d, informs \u201cTHE CLIENT AND\/OR SUPPLIER\u201d that the personal data provided in connection with the commercial relationship and provision of professional services that may be established will be protected and managed in terms of the provisions of the \u201cLaw\u201d and, in this sense, it undertakes to safeguard such information under the principles of loyalty and responsibility. The information obtained will be protected through physical, technological and administrative procedures in accordance with regulations that safeguard the data in terms of the provisions of the \u201cLaw\u201d.<\/li><\/ul><ol><li>You may exercise your rights of access, rectification, cancellation and opposition contained in the \u201cLaw\u201d, in writing sent to the email: <a href=\"mailto:info@omiwave.com\">info@omiwave.com<\/a><\/li><\/ol><p>\u201cOMIWAVE, S.A.\u201d de C.V.\u201d, has the right to make any change or modification to the privacy notice, which, if so, will be made known to you through the \u201cPrivacy Notice\u201d that is published at the time on the Internet page: https:\/\/omiwave.com\/aviso-privacidad\/<\/p><p><em>Last modified date: October 31, 2024.<\/em><\/p>\t\t\t\t\t\t\t\t<\/div>\n\t\t\t\t\t<\/div>\n\t\t\t\t<\/div>\n\t\t\t\t<\/div>","protected":false},"excerpt":{"rendered":"<p>Aviso de privacidad \u201cOMIWAVE S.A de C.V.\u201d con domicilio en Jes\u00fas del Monte 32 &#8211; 503, Col. Jes\u00fas del Monte, Huixquilucan de Degollado, C.P. 52764, M\u00e9xico, tel\u00e9fono 5591317493; en t\u00e9rminos de lo dispuesto por los art\u00edculos 1, 2, 6, 7, 11, 12, 13, 15, 16, 17 y dem\u00e1s relativos y aplicables de la Ley Federal de Protecci\u00f3n de Datos Personales en Posesi\u00f3n de Particulares (\u201cLey\u201d), por medio del presente \u201cAVISO DE PRIVACIDAD\u201d hace del formal conocimiento de \u201cNUESTROS VISITANTES, CLIENTES, PROVEEDORES Y P\u00daBLICO EN GENERAL\u201d, lo siguiente; Los Datos Personales que podr\u00e1n solicitarse por ser \u201cCLIENTE Y\/O PROVEEDOR\u201d de \u201cOMIWAVE, S.A. de C.V.\u201d son: 1. En caso de personas f\u00edsicas: 2. Trat\u00e1ndose de personas morales: a.\u00a0\u00a0\u00a0\u00a0\u00a0\u00a0 nombre completo, b.\u00a0\u00a0\u00a0\u00a0\u00a0\u00a0 tel\u00e9fono c.\u00a0\u00a0\u00a0\u00a0\u00a0\u00a0\u00a0 correo electr\u00f3nico d.\u00a0\u00a0\u00a0\u00a0\u00a0\u00a0 registro federal de contribuyente e.\u00a0\u00a0\u00a0\u00a0\u00a0\u00a0 fecha de nacimiento f.\u00a0\u00a0\u00a0\u00a0\u00a0\u00a0\u00a0\u00a0 direcci\u00f3n g.\u00a0\u00a0\u00a0\u00a0\u00a0\u00a0 informaci\u00f3n de tarjetas de cr\u00e9dito h.\u00a0\u00a0\u00a0\u00a0\u00a0\u00a0 n\u00famero de cuentas para dep\u00f3sitos o transferencias interbancarias. a.\u00a0\u00a0\u00a0\u00a0\u00a0\u00a0 acta constitutiva y datos particulares del apoderado o representante legal. b.\u00a0\u00a0\u00a0\u00a0\u00a0\u00a0 denominaci\u00f3n o raz\u00f3n social, c.\u00a0\u00a0\u00a0\u00a0\u00a0\u00a0\u00a0 tel\u00e9fonos, d.\u00a0\u00a0\u00a0\u00a0\u00a0\u00a0 correos electr\u00f3nicos, e.\u00a0\u00a0\u00a0\u00a0\u00a0\u00a0 direcci\u00f3n, f.\u00a0\u00a0\u00a0\u00a0\u00a0\u00a0\u00a0\u00a0 registro federal de contribuyentes, g.\u00a0\u00a0\u00a0\u00a0\u00a0\u00a0 n\u00famero de cuentas para dep\u00f3sitos o transferencias interbancarias. Cabe se\u00f1alar que dicha descripci\u00f3n es enunciativa, m\u00e1s no limitativa. Las finalidades de contar con estos datos son con motivo de la instrumentaci\u00f3n de la relaci\u00f3n comercial y de prestaci\u00f3n de servicios profesionales que se llegare a entablar con\u00a0\u201cOMIWAVE, S.A. de C.V.\u201d. \u201cOMIWAVE, S.A. de C.V.\u201d, hace del conocimiento fehaciente de \u201cEL CLIENTE Y\/O PROVEEDOR\u201d, que los datos personales que sean proporcionados con motivo de la relaci\u00f3n comercial y de prestaci\u00f3n de servicios profesionales que se llegare a entablar, ser\u00e1n resguardados y administrados en t\u00e9rminos de lo dispuesto en la \u201cLey\u201d y, en tal sentido, se compromete a salvaguardar tal informaci\u00f3n bajo los principios de lealtad y responsabilidad. La informaci\u00f3n que sea obtenida se encontrar\u00e1 protegida por medio de procedimientos f\u00edsicos, tecnol\u00f3gicos y administrativos apegados a normas que salvaguardan los datos en t\u00e9rminos de lo dispuesto en la \u201cLey\u201d. Se podr\u00e1 ejercer sus derechos de acceso, rectificaci\u00f3n, cancelaci\u00f3n y oposici\u00f3n contenidos en la \u201cLey\u201d, por escrito enviado al correo electr\u00f3nico: info@omiwave.com \u201cOMIWAVE, S.A. de C.V.\u201d, tiene el derecho de efectuar cualquier cambio o modificaci\u00f3n al aviso de privacidad, lo cual, en caso de ser as\u00ed, lo har\u00e1 de su conocimiento a trav\u00e9s del \u201cAviso de Privacidad\u201d que en su momento se publicite en la p\u00e1gina de Internet: https:\/\/omiwave.com\/aviso-privacidad\/ Fecha de \u00faltima modificaci\u00f3n: 31 de octubre de 2024.<\/p>","protected":false},"author":1,"featured_media":0,"parent":0,"menu_order":0,"comment_status":"closed","ping_status":"closed","template":"","meta":{"_eb_attr":"","inline_featured_image":false,"footnotes":""},"class_list":["post-3","page","type-page","status-publish","hentry"],"yoast_head":"<!-- This site is optimized with the Yoast SEO plugin v27.0 - https:\/\/yoast.com\/product\/yoast-seo-wordpress\/ -->\n<title>Aviso de Privacidad<\/title>\n<meta name=\"description\" content=\"Omiwave\" \/>\n<meta name=\"robots\" content=\"index, follow, max-snippet:-1, max-image-preview:large, max-video-preview:-1\" \/>\n<link rel=\"canonical\" href=\"https:\/\/omiwave.com\/en\/aviso-privacidad\/\" \/>\n<meta property=\"og:locale\" content=\"en_US\" \/>\n<meta property=\"og:type\" content=\"article\" \/>\n<meta property=\"og:title\" content=\"Aviso de Privacidad\" \/>\n<meta property=\"og:description\" content=\"Omiwave\" \/>\n<meta property=\"og:url\" content=\"https:\/\/omiwave.com\/en\/aviso-privacidad\/\" \/>\n<meta property=\"article:modified_time\" content=\"2025-03-19T23:26:58+00:00\" \/>\n<meta name=\"twitter:card\" content=\"summary_large_image\" \/>\n<meta name=\"twitter:label1\" content=\"Est. reading time\" \/>\n\t<meta name=\"twitter:data1\" content=\"2 minutes\" \/>\n<script type=\"application\/ld+json\" class=\"yoast-schema-graph\">{\"@context\":\"https:\/\/schema.org\",\"@graph\":[{\"@type\":\"WebPage\",\"@id\":\"https:\/\/omiwave.com\/aviso-privacidad\/\",\"url\":\"https:\/\/omiwave.com\/aviso-privacidad\/\",\"name\":\"Aviso de Privacidad\",\"isPartOf\":{\"@id\":\"https:\/\/omiwave.com\/#website\"},\"datePublished\":\"2024-10-23T18:06:28+00:00\",\"dateModified\":\"2025-03-19T23:26:58+00:00\",\"description\":\"Omiwave\",\"breadcrumb\":{\"@id\":\"https:\/\/omiwave.com\/aviso-privacidad\/#breadcrumb\"},\"inLanguage\":\"en-US\",\"potentialAction\":[{\"@type\":\"ReadAction\",\"target\":[\"https:\/\/omiwave.com\/aviso-privacidad\/\"]}]},{\"@type\":\"BreadcrumbList\",\"@id\":\"https:\/\/omiwave.com\/aviso-privacidad\/#breadcrumb\",\"itemListElement\":[{\"@type\":\"ListItem\",\"position\":1,\"name\":\"Inicio\",\"item\":\"https:\/\/omiwave.com\/\"},{\"@type\":\"ListItem\",\"position\":2,\"name\":\"Aviso de Privacidad\"}]},{\"@type\":\"WebSite\",\"@id\":\"https:\/\/omiwave.com\/#website\",\"url\":\"https:\/\/omiwave.com\/\",\"name\":\"OMIWAVE\",\"description\":\"\",\"potentialAction\":[{\"@type\":\"SearchAction\",\"target\":{\"@type\":\"EntryPoint\",\"urlTemplate\":\"https:\/\/omiwave.com\/?s={search_term_string}\"},\"query-input\":{\"@type\":\"PropertyValueSpecification\",\"valueRequired\":true,\"valueName\":\"search_term_string\"}}],\"inLanguage\":\"en-US\"}]}<\/script>\n<!-- \/ Yoast SEO plugin. -->","yoast_head_json":{"title":"Privacy Notice","description":"Omiwave","robots":{"index":"index","follow":"follow","max-snippet":"max-snippet:-1","max-image-preview":"max-image-preview:large","max-video-preview":"max-video-preview:-1"},"canonical":"https:\/\/omiwave.com\/en\/aviso-privacidad\/","og_locale":"en_US","og_type":"article","og_title":"Aviso de Privacidad","og_description":"Omiwave","og_url":"https:\/\/omiwave.com\/en\/aviso-privacidad\/","article_modified_time":"2025-03-19T23:26:58+00:00","twitter_card":"summary_large_image","twitter_misc":{"Est. reading time":"2 minutes"},"schema":{"@context":"https:\/\/schema.org","@graph":[{"@type":"WebPage","@id":"https:\/\/omiwave.com\/aviso-privacidad\/","url":"https:\/\/omiwave.com\/aviso-privacidad\/","name":"Privacy Notice","isPartOf":{"@id":"https:\/\/omiwave.com\/#website"},"datePublished":"2024-10-23T18:06:28+00:00","dateModified":"2025-03-19T23:26:58+00:00","description":"Omiwave","breadcrumb":{"@id":"https:\/\/omiwave.com\/aviso-privacidad\/#breadcrumb"},"inLanguage":"en-US","potentialAction":[{"@type":"ReadAction","target":["https:\/\/omiwave.com\/aviso-privacidad\/"]}]},{"@type":"BreadcrumbList","@id":"https:\/\/omiwave.com\/aviso-privacidad\/#breadcrumb","itemListElement":[{"@type":"ListItem","position":1,"name":"Inicio","item":"https:\/\/omiwave.com\/"},{"@type":"ListItem","position":2,"name":"Aviso de Privacidad"}]},{"@type":"WebSite","@id":"https:\/\/omiwave.com\/#website","url":"https:\/\/omiwave.com\/","name":"OMIWAVE","description":"","potentialAction":[{"@type":"SearchAction","target":{"@type":"EntryPoint","urlTemplate":"https:\/\/omiwave.com\/?s={search_term_string}"},"query-input":{"@type":"PropertyValueSpecification","valueRequired":true,"valueName":"search_term_string"}}],"inLanguage":"en-US"}]}},"amp_enabled":true,"_links":{"self":[{"href":"https:\/\/omiwave.com\/en\/wp-json\/wp\/v2\/pages\/3","targetHints":{"allow":["GET"]}}],"collection":[{"href":"https:\/\/omiwave.com\/en\/wp-json\/wp\/v2\/pages"}],"about":[{"href":"https:\/\/omiwave.com\/en\/wp-json\/wp\/v2\/types\/page"}],"author":[{"embeddable":true,"href":"https:\/\/omiwave.com\/en\/wp-json\/wp\/v2\/users\/1"}],"replies":[{"embeddable":true,"href":"https:\/\/omiwave.com\/en\/wp-json\/wp\/v2\/comments?post=3"}],"version-history":[{"count":0,"href":"https:\/\/omiwave.com\/en\/wp-json\/wp\/v2\/pages\/3\/revisions"}],"wp:attachment":[{"href":"https:\/\/omiwave.com\/en\/wp-json\/wp\/v2\/media?parent=3"}],"curies":[{"name":"wp","href":"https:\/\/api.w.org\/{rel}","templated":true}]}}